{"id":17,"date":"2019-12-03T01:47:17","date_gmt":"2019-12-03T01:47:17","guid":{"rendered":"https:\/\/demo.cmssuperheroes.com\/themeforest\/facmaster\/?page_id=17"},"modified":"2024-06-24T17:20:21","modified_gmt":"2024-06-24T16:20:21","slug":"about-us","status":"publish","type":"page","link":"https:\/\/vectram.com\/?page_id=17","title":{"rendered":"\u00c0 propos de nous"},"content":{"rendered":"\t\t<div data-elementor-type=\"wp-page\" data-elementor-id=\"17\" class=\"elementor elementor-17\">\n\t\t\t\t        <section class=\"elementor-section elementor-top-section elementor-element elementor-element-0762010 elementor-section-stretched elementor-section-full_width elementor-section-height-default elementor-section-height-default\" data-id=\"0762010\" data-element_type=\"section\" data-e-type=\"section\" data-settings=\"{&quot;stretch_section&quot;:&quot;section-stretched&quot;}\">\r\n\t\t        <div class=\"elementor-container elementor-column-gap-no \" >\r\n\t\t        <div class=\"elementor-column elementor-col-33 elementor-top-column elementor-element elementor-element-70d3bf4\" data-id=\"70d3bf4\" data-element_type=\"column\" data-e-type=\"column\">\r\n            <div class=\"elementor-widget-wrap elementor-element-populated\">\r\n                \t\t<div class=\"elementor-element elementor-element-3dc60a9 elementor-widget elementor-widget-cms_fancy_box\" data-id=\"3dc60a9\" data-element_type=\"widget\" data-e-type=\"widget\" data-widget_type=\"cms_fancy_box.default\">\n\t\t\t\t<div class=\"elementor-widget-container\">\n\t\t\t\t\t<div class=\"cms-fancy-box cms-fancy-box-layout2 style1 wow fadeInLeft\">\r\n                <div class=\"item--icon\">\r\n            <img fetchpriority=\"high\" decoding=\"async\" width=\"8111\" height=\"6485\" src=\"https:\/\/vectram.com\/wp-content\/uploads\/2023\/04\/logo-vectram.png\" class=\"attachment-full\" alt=\"\" srcset=\"https:\/\/vectram.com\/wp-content\/uploads\/2023\/04\/logo-vectram.png 8111w, https:\/\/vectram.com\/wp-content\/uploads\/2023\/04\/logo-vectram-300x240.png 300w, https:\/\/vectram.com\/wp-content\/uploads\/2023\/04\/logo-vectram-1024x819.png 1024w, https:\/\/vectram.com\/wp-content\/uploads\/2023\/04\/logo-vectram-768x614.png 768w, https:\/\/vectram.com\/wp-content\/uploads\/2023\/04\/logo-vectram-1536x1228.png 1536w, https:\/\/vectram.com\/wp-content\/uploads\/2023\/04\/logo-vectram-2048x1637.png 2048w, https:\/\/vectram.com\/wp-content\/uploads\/2023\/04\/logo-vectram-1320x1055.png 1320w, https:\/\/vectram.com\/wp-content\/uploads\/2023\/04\/logo-vectram-600x480.png 600w\" sizes=\"(max-width: 8111px) 100vw, 8111px\" \/>        <\/div>\r\n        <div class=\"item--holder\">\r\n        <div class=\"item--order\">01<\/div>\r\n        <h3 class=\"item--title\">\r\n            Qualit\u00e9 du service        <\/h3>\r\n        <div class=\"item--description\">En tant qu'entreprise de services, notre priorit\u00e9 est de fournir \u00e0 nos clients un service de haute qualit\u00e9.   \n\n\nPour y parvenir, nous nous engageons \u00e0 r\u00e9pondre rapidement \u00e0 leurs demandes, \u00e0 leur proposer des conseils et des solutions sur mesure en fonction de leurs besoins sp\u00e9cifiques, et \u00e0 garantir que nos clients soient satisfaits du service que nous leur proposerons.<\/div>\r\n            <\/div>\r\n<\/div>\t\t\t\t<\/div>\n\t\t\t\t<\/div>\n\t\t            <\/div>\r\n        <\/div>\r\n                <div class=\"elementor-column elementor-col-33 elementor-top-column elementor-element elementor-element-e2a4002\" data-id=\"e2a4002\" data-element_type=\"column\" data-e-type=\"column\">\r\n            <div class=\"elementor-widget-wrap elementor-element-populated\">\r\n                \t\t<div class=\"elementor-element elementor-element-0569f38 elementor-widget elementor-widget-cms_fancy_box\" data-id=\"0569f38\" data-element_type=\"widget\" data-e-type=\"widget\" data-widget_type=\"cms_fancy_box.default\">\n\t\t\t\t<div class=\"elementor-widget-container\">\n\t\t\t\t\t<div class=\"cms-fancy-box cms-fancy-box-layout2 style2 wow fadeInUp\">\r\n                <div class=\"item--icon\">\r\n            <img decoding=\"async\" width=\"244\" height=\"243\" src=\"https:\/\/vectram.com\/wp-content\/uploads\/2019\/12\/about-icon2.png\" class=\"attachment-full\" alt=\"\" srcset=\"https:\/\/vectram.com\/wp-content\/uploads\/2019\/12\/about-icon2.png 244w, https:\/\/vectram.com\/wp-content\/uploads\/2019\/12\/about-icon2-150x150.png 150w\" sizes=\"(max-width: 244px) 100vw, 244px\" \/>        <\/div>\r\n        <div class=\"item--holder\">\r\n        <div class=\"item--order\">02<\/div>\r\n        <h3 class=\"item--title\">\r\n            Professionnalisme        <\/h3>\r\n        <div class=\"item--description\">Nous sommes conscients que la professionnalisme est cruciale dans tous les aspects de notre travail. Nous nous engageons \u00e0 former et \u00e0 maintenir des\n   collaborateurs courtois et bien form\u00e9s, \u00e0 assurer une communication claire et efficace avec nos clients, et \u00e0 adopter des m\u00e9thodes de travail professionnelles. Nous voulons que nos clients puissent avoir confiance en notre capacit\u00e9 \u00e0 fournir un service fiable et de qualit\u00e9 sup\u00e9rieure.\n\n\n\n\n<\/div>\r\n            <\/div>\r\n<\/div>\t\t\t\t<\/div>\n\t\t\t\t<\/div>\n\t\t            <\/div>\r\n        <\/div>\r\n                <div class=\"elementor-column elementor-col-33 elementor-top-column elementor-element elementor-element-0bc7ac2\" data-id=\"0bc7ac2\" data-element_type=\"column\" data-e-type=\"column\">\r\n            <div class=\"elementor-widget-wrap elementor-element-populated\">\r\n                \t\t<div class=\"elementor-element elementor-element-dfd0559 elementor-widget elementor-widget-cms_fancy_box\" data-id=\"dfd0559\" data-element_type=\"widget\" data-e-type=\"widget\" data-widget_type=\"cms_fancy_box.default\">\n\t\t\t\t<div class=\"elementor-widget-container\">\n\t\t\t\t\t<div class=\"cms-fancy-box cms-fancy-box-layout2 style3 wow fadeInRight\">\r\n                <div class=\"item--icon\">\r\n            <img decoding=\"async\" width=\"244\" height=\"244\" src=\"https:\/\/vectram.com\/wp-content\/uploads\/2019\/12\/about-icon3.png\" class=\"attachment-full\" alt=\"\" srcset=\"https:\/\/vectram.com\/wp-content\/uploads\/2019\/12\/about-icon3.png 244w, https:\/\/vectram.com\/wp-content\/uploads\/2019\/12\/about-icon3-150x150.png 150w\" sizes=\"(max-width: 244px) 100vw, 244px\" \/>        <\/div>\r\n        <div class=\"item--holder\">\r\n        <div class=\"item--order\">03<\/div>\r\n        <h3 class=\"item--title\">\r\n            Adaptabilit\u00e9         <\/h3>\r\n        <div class=\"item--description\">Adaptabilit\u00e9 est une comp\u00e9tence essentielle pour r\u00e9pondre aux besoins changeants de nos clients et de l'environnement commercial. Nous nous engageons donc \u00e0 \u00eatre constamment \u00e0 l'aff\u00fbt de nouvelles id\u00e9es et m\u00e9thodes pour am\u00e9liorer nos services, \u00e0 \u00eatre pr\u00eats \u00e0 changer notre approche pour r\u00e9pondre aux besoins de nos clients, et \u00e0 faire face aux changements \u00e9conomiques et technologiques. Nous croyons que notre capacit\u00e9 \u00e0 nous adapter avec souplesse est cruciale pour notre succ\u00e8s \u00e0 long terme.<\/div>\r\n            <\/div>\r\n<\/div>\t\t\t\t<\/div>\n\t\t\t\t<\/div>\n\t\t            <\/div>\r\n        <\/div>\r\n        \t\t\t<\/div>\r\n\t\t<\/section>\r\n\t\t        <section class=\"elementor-section elementor-top-section elementor-element elementor-element-8fd48cc elementor-section-boxed elementor-section-height-default elementor-section-height-default\" data-id=\"8fd48cc\" data-element_type=\"section\" data-e-type=\"section\">\r\n\t\t        <div class=\"elementor-container elementor-column-gap-extended \" >\r\n\t\t        <div class=\"elementor-column elementor-col-100 elementor-top-column elementor-element elementor-element-fd0235d\" data-id=\"fd0235d\" data-element_type=\"column\" data-e-type=\"column\">\r\n            <div class=\"elementor-widget-wrap elementor-element-populated\">\r\n                \t\t<div class=\"elementor-element elementor-element-e70e0c4 elementor-widget elementor-widget-image\" data-id=\"e70e0c4\" data-element_type=\"widget\" data-e-type=\"widget\" data-widget_type=\"image.default\">\n\t\t\t\t<div class=\"elementor-widget-container\">\n\t\t\t\t\t\t\t\t\t\t\t\t\t\t\t<img loading=\"lazy\" decoding=\"async\" width=\"2048\" height=\"967\" src=\"https:\/\/vectram.com\/wp-content\/uploads\/2023\/05\/317145810_1132686104280656_1334015085501768393_n-e1683492786170.jpg\" class=\"attachment-full size-full wp-image-1506\" alt=\"\" srcset=\"https:\/\/vectram.com\/wp-content\/uploads\/2023\/05\/317145810_1132686104280656_1334015085501768393_n-e1683492786170.jpg 2048w, https:\/\/vectram.com\/wp-content\/uploads\/2023\/05\/317145810_1132686104280656_1334015085501768393_n-e1683492786170-300x142.jpg 300w, https:\/\/vectram.com\/wp-content\/uploads\/2023\/05\/317145810_1132686104280656_1334015085501768393_n-e1683492786170-1024x484.jpg 1024w, https:\/\/vectram.com\/wp-content\/uploads\/2023\/05\/317145810_1132686104280656_1334015085501768393_n-e1683492786170-768x363.jpg 768w, https:\/\/vectram.com\/wp-content\/uploads\/2023\/05\/317145810_1132686104280656_1334015085501768393_n-e1683492786170-1536x725.jpg 1536w, https:\/\/vectram.com\/wp-content\/uploads\/2023\/05\/317145810_1132686104280656_1334015085501768393_n-e1683492786170-1320x623.jpg 1320w, https:\/\/vectram.com\/wp-content\/uploads\/2023\/05\/317145810_1132686104280656_1334015085501768393_n-e1683492786170-600x283.jpg 600w\" sizes=\"(max-width: 2048px) 100vw, 2048px\" \/>\t\t\t\t\t\t\t\t\t\t\t\t\t\t\t<\/div>\n\t\t\t\t<\/div>\n\t\t\t\t<div class=\"elementor-element elementor-element-7632598 elementor-widget elementor-widget-cms_heading\" data-id=\"7632598\" data-element_type=\"widget\" data-e-type=\"widget\" data-widget_type=\"cms_heading.default\">\n\t\t\t\t<div class=\"elementor-widget-container\">\n\t\t\t\t\t<div class=\"cms-heading-wrapper cms-heading-layout1 \">\r\n    \r\n            <h3 class=\"custom-heading \">\r\n            <span >Nous avons accumul\u00e9 25 ans d'exp\u00e9rience dans la fourniture et la maintenance d'\u00e9quipements industriels sur mesure, d\u00e9montrant notre capacit\u00e9 \u00e0 proposer des solutions adapt\u00e9es \u00e0 chaque besoin sp\u00e9cifique. <\/span>\r\n        <\/h3>\r\n        \r\n        \r\n    <\/div>\t\t\t\t<\/div>\n\t\t\t\t<\/div>\n\t\t\t\t<div class=\"elementor-element elementor-element-5641f17 elementor-widget elementor-widget-text-editor\" data-id=\"5641f17\" data-element_type=\"widget\" data-e-type=\"widget\" data-widget_type=\"text-editor.default\">\n\t\t\t\t<div class=\"elementor-widget-container\">\n\t\t\t\t\t\t\t\t\t<p>Notre expertise s&#8217;\u00e9tend \u00e0 la consultation, la fourniture, le suivi et la maintenance d&#8217;\u00e9quipements pour une vari\u00e9t\u00e9 de secteurs industriels. Gr\u00e2ce \u00e0 notre exp\u00e9rience approfondie, nous sommes en mesure de proposer des solutions personnalis\u00e9es en collaboration avec des fournisseurs r\u00e9put\u00e9s, garantissant ainsi des produits de qualit\u00e9 sup\u00e9rieure.<\/p>\t\t\t\t\t\t\t\t<\/div>\n\t\t\t\t<\/div>\n\t\t            <\/div>\r\n        <\/div>\r\n        \t\t\t<\/div>\r\n\t\t<\/section>\r\n\t\t        <section class=\"elementor-section elementor-top-section elementor-element elementor-element-4640f44 elementor-section-boxed elementor-section-height-default elementor-section-height-default\" data-id=\"4640f44\" data-element_type=\"section\" data-e-type=\"section\">\r\n\t\t        <div class=\"elementor-container elementor-column-gap-default \" >\r\n\t\t        <div class=\"elementor-column elementor-col-100 elementor-top-column elementor-element elementor-element-4e9cab6\" data-id=\"4e9cab6\" data-element_type=\"column\" data-e-type=\"column\">\r\n            <div class=\"elementor-widget-wrap\">\r\n                            <\/div>\r\n        <\/div>\r\n        \t\t\t<\/div>\r\n\t\t<\/section>\r\n\t\t        <section class=\"elementor-section elementor-top-section elementor-element elementor-element-4c702b6 elementor-section-stretched elementor-section-full_width elementor-section-height-default elementor-section-height-default\" data-id=\"4c702b6\" data-element_type=\"section\" data-e-type=\"section\" data-settings=\"{&quot;stretch_section&quot;:&quot;section-stretched&quot;}\">\r\n\t\t        <div class=\"elementor-container elementor-column-gap-no \" >\r\n\t\t        <div class=\"elementor-column elementor-col-50 elementor-top-column elementor-element elementor-element-46974ea\" data-id=\"46974ea\" data-element_type=\"column\" data-e-type=\"column\">\r\n            <div class=\"elementor-widget-wrap elementor-element-populated\">\r\n                \t\t<div class=\"elementor-element elementor-element-2c6b6be elementor-widget elementor-widget-cms_fancy_box\" data-id=\"2c6b6be\" data-element_type=\"widget\" data-e-type=\"widget\" data-widget_type=\"cms_fancy_box.default\">\n\t\t\t\t<div class=\"elementor-widget-container\">\n\t\t\t\t\t<div class=\"cms-fancy-box cms-fancy-box-layout3 style1 \">\r\n            <div class=\"item--image-bg bg-image\" style=\"background-image: url(https:\/\/vectram.com\/wp-content\/uploads\/2023\/04\/340334106_543717721285758_2969737170189072515_n.jpg);\"><\/div>\r\n        <div class=\"item--holder\">\r\n        <div class=\"item--meta\">\r\n                                        <div class=\"item--icon\">\r\n                    <img loading=\"lazy\" decoding=\"async\" width=\"37\" height=\"45\" src=\"https:\/\/vectram.com\/wp-content\/uploads\/2019\/12\/white-icon-01.png\" class=\"attachment-full\" alt=\"\" \/>                <\/div>\r\n                        <h3 class=\"item--title\">\r\n                Rapidit\u00e9 et Flexibilit\u00e9            <\/h3>\r\n            <div class=\"item--description\">Nous nous effor\u00e7ons en permanence d'\u00eatre rapides et flexibles dans notre fa\u00e7on de travailler pour r\u00e9pondre aux besoins de nos clients de mani\u00e8re efficace. La rapidit\u00e9 est primordiale pour minimiser les temps d'arr\u00eat des \u00e9quipement. Nous sommes \u00e9galement en mesure de nous adapter rapidement aux \u00e9volutions technologiques et aux nouveaux \u00e9quipements pour proposer des services toujours plus performants.<\/div>\r\n        <\/div>\r\n    <\/div>\r\n<\/div>\t\t\t\t<\/div>\n\t\t\t\t<\/div>\n\t\t            <\/div>\r\n        <\/div>\r\n                <div class=\"elementor-column elementor-col-50 elementor-top-column elementor-element elementor-element-5822e07\" data-id=\"5822e07\" data-element_type=\"column\" data-e-type=\"column\">\r\n            <div class=\"elementor-widget-wrap elementor-element-populated\">\r\n                \t\t<div class=\"elementor-element elementor-element-160cefa elementor-widget elementor-widget-cms_fancy_box\" data-id=\"160cefa\" data-element_type=\"widget\" data-e-type=\"widget\" data-widget_type=\"cms_fancy_box.default\">\n\t\t\t\t<div class=\"elementor-widget-container\">\n\t\t\t\t\t<div class=\"cms-fancy-box cms-fancy-box-layout3 style2 \">\r\n            <div class=\"item--image-bg bg-image\" style=\"background-image: url(https:\/\/vectram.com\/wp-content\/uploads\/2023\/04\/340434141_813395436309554_8226426223985908127_n.jpg);\"><\/div>\r\n        <div class=\"item--holder\">\r\n        <div class=\"item--meta\">\r\n                                        <div class=\"item--icon\">\r\n                    <img loading=\"lazy\" decoding=\"async\" width=\"45\" height=\"45\" src=\"https:\/\/vectram.com\/wp-content\/uploads\/2019\/12\/white-icon-02.png\" class=\"attachment-full\" alt=\"\" \/>                <\/div>\r\n                        <h3 class=\"item--title\">\r\n                Travail de qualit\u00e9             <\/h3>\r\n            <div class=\"item--description\">Nous avons mis en place un syst\u00e8me de contr\u00f4le qualit\u00e9 \u00e0 chaque \u00e9tape de notre processus de prestation de service. Nous effectuons des v\u00e9rifications et des tests tout au long du processus en utilisant des outils et des techniques de test adapt\u00e9s, et veillons \u00e0 ce que chaque membre de l'\u00e9quipe soit form\u00e9 et comprenne l'importance du contr\u00f4le qualit\u00e9, Cela nous permet d'assurer la satisfaction de nos clients \u00e0 long terme.<\/div>\r\n        <\/div>\r\n    <\/div>\r\n<\/div>\t\t\t\t<\/div>\n\t\t\t\t<\/div>\n\t\t            <\/div>\r\n        <\/div>\r\n        \t\t\t<\/div>\r\n\t\t<\/section>\r\n\t\t        <section class=\"elementor-section elementor-top-section elementor-element elementor-element-42399ce elementor-section-stretched elementor-section-full_width elementor-section-height-default elementor-section-height-default\" data-id=\"42399ce\" data-element_type=\"section\" data-e-type=\"section\" data-settings=\"{&quot;stretch_section&quot;:&quot;section-stretched&quot;}\">\r\n\t\t        <div class=\"elementor-container elementor-column-gap-no \" >\r\n\t\t        <div class=\"elementor-column elementor-col-50 elementor-top-column elementor-element elementor-element-612b970\" data-id=\"612b970\" data-element_type=\"column\" data-e-type=\"column\">\r\n            <div class=\"elementor-widget-wrap elementor-element-populated\">\r\n                \t\t<div class=\"elementor-element elementor-element-ac60b0a elementor-widget elementor-widget-cms_fancy_box\" data-id=\"ac60b0a\" data-element_type=\"widget\" data-e-type=\"widget\" data-widget_type=\"cms_fancy_box.default\">\n\t\t\t\t<div class=\"elementor-widget-container\">\n\t\t\t\t\t<div class=\"cms-fancy-box cms-fancy-box-layout3 style3 \">\r\n            <div class=\"item--image-bg bg-image\" style=\"background-image: url(https:\/\/vectram.com\/wp-content\/uploads\/2023\/04\/a-e1682683549528.jpg);\"><\/div>\r\n        <div class=\"item--holder\">\r\n        <div class=\"item--meta\">\r\n                                        <div class=\"item--icon\">\r\n                    <img loading=\"lazy\" decoding=\"async\" width=\"41\" height=\"45\" src=\"https:\/\/vectram.com\/wp-content\/uploads\/2019\/12\/white-icon-03.png\" class=\"attachment-full\" alt=\"\" \/>                <\/div>\r\n                        <h3 class=\"item--title\">\r\n                Techniciens hautement qualifi\u00e9s            <\/h3>\r\n            <div class=\"item--description\">Notre engagement envers la formation et la qualification de nos techniciens garantit que nous sommes en mesure de fournir un service fiable et de haute qualit\u00e9 \u00e0 nos clients, ce qui est essentiel pour notre entreprise.<\/div>\r\n        <\/div>\r\n    <\/div>\r\n<\/div>\t\t\t\t<\/div>\n\t\t\t\t<\/div>\n\t\t            <\/div>\r\n        <\/div>\r\n                <div class=\"elementor-column elementor-col-50 elementor-top-column elementor-element elementor-element-19d9167\" data-id=\"19d9167\" data-element_type=\"column\" data-e-type=\"column\" data-settings=\"{&quot;background_background&quot;:&quot;gradient&quot;}\">\r\n            <div class=\"elementor-widget-wrap elementor-element-populated\">\r\n                    <div class=\"elementor-background-overlay\"><\/div>\r\n                \t\t<div class=\"elementor-element elementor-element-3b4af91 elementor-widget elementor-widget-spacer\" data-id=\"3b4af91\" data-element_type=\"widget\" data-e-type=\"widget\" data-widget_type=\"spacer.default\">\n\t\t\t\t<div class=\"elementor-widget-container\">\n\t\t\t\t\t\t\t<div class=\"elementor-spacer\">\n\t\t\t<div class=\"elementor-spacer-inner\"><\/div>\n\t\t<\/div>\n\t\t\t\t\t\t<\/div>\n\t\t\t\t<\/div>\n\t\t\t\t<div class=\"elementor-element elementor-element-59911d7 elementor-widget elementor-widget-cms_heading\" data-id=\"59911d7\" data-element_type=\"widget\" data-e-type=\"widget\" data-widget_type=\"cms_heading.default\">\n\t\t\t\t<div class=\"elementor-widget-container\">\n\t\t\t\t\t<div class=\"cms-heading-wrapper cms-heading-layout1 \">\r\n    \r\n            <h3 class=\"custom-heading \">\r\n            <span ><br>\nVectram services <\/span>\r\n        <\/h3>\r\n        \r\n        \r\n    <\/div>\t\t\t\t<\/div>\n\t\t\t\t<\/div>\n\t\t\t\t<div class=\"elementor-element elementor-element-00339ff elementor-widget elementor-widget-text-editor\" data-id=\"00339ff\" data-element_type=\"widget\" data-e-type=\"widget\" data-widget_type=\"text-editor.default\">\n\t\t\t\t<div class=\"elementor-widget-container\">\n\t\t\t\t\t\t\t\t\t<p>Votre specialiste en d\u00e9tection de gaz<\/p>\t\t\t\t\t\t\t\t<\/div>\n\t\t\t\t<\/div>\n\t\t\t\t<div class=\"elementor-element elementor-element-15a88dd el-inline elementor-widget elementor-widget-cms_button\" data-id=\"15a88dd\" data-element_type=\"widget\" data-e-type=\"widget\" data-widget_type=\"cms_button.default\">\n\t\t\t\t<div class=\"elementor-widget-container\">\n\t\t\t\t\t<div class=\"cms-button-wrapper cms-button-layout1 wow fadeInUp\">\r\n    <a href=\"https:\/\/vectram.com\/?page_id=15\" class=\"btn btn-secondary btn-secondary-hover-white\">\r\n                            <span class=\"cms-button-icon cms-align-icon-\">\r\n                            <\/span>\r\n                <span class=\"cms-button-text\">Contactez-nous<\/span>\r\n    <\/a>\r\n<\/div>\t\t\t\t<\/div>\n\t\t\t\t<\/div>\n\t\t\t\t<div class=\"elementor-element elementor-element-c71a6e7 elementor-widget elementor-widget-spacer\" data-id=\"c71a6e7\" data-element_type=\"widget\" data-e-type=\"widget\" data-widget_type=\"spacer.default\">\n\t\t\t\t<div class=\"elementor-widget-container\">\n\t\t\t\t\t\t\t<div class=\"elementor-spacer\">\n\t\t\t<div class=\"elementor-spacer-inner\"><\/div>\n\t\t<\/div>\n\t\t\t\t\t\t<\/div>\n\t\t\t\t<\/div>\n\t\t            <\/div>\r\n        <\/div>\r\n        \t\t\t<\/div>\r\n\t\t<\/section>\r\n\t\t\t\t<\/div>\n\t\t","protected":false},"excerpt":{"rendered":"<p>01 Qualit\u00e9 du service En tant qu&#8217;entreprise de services, notre priorit\u00e9 est de fournir \u00e0 nos clients un service de haute qualit\u00e9. Pour y parvenir, nous nous engageons \u00e0 r\u00e9pondre rapidement \u00e0 leurs demandes, \u00e0 leur proposer des conseils et des solutions sur mesure en fonction de leurs besoins sp\u00e9cifiques, et \u00e0 garantir que nos [&hellip;]<\/p>\n","protected":false},"author":1,"featured_media":0,"parent":0,"menu_order":0,"comment_status":"closed","ping_status":"closed","template":"","meta":{"footnotes":""},"class_list":["post-17","page","type-page","status-publish","hentry"],"_links":{"self":[{"href":"https:\/\/vectram.com\/index.php?rest_route=\/wp\/v2\/pages\/17","targetHints":{"allow":["GET"]}}],"collection":[{"href":"https:\/\/vectram.com\/index.php?rest_route=\/wp\/v2\/pages"}],"about":[{"href":"https:\/\/vectram.com\/index.php?rest_route=\/wp\/v2\/types\/page"}],"author":[{"embeddable":true,"href":"https:\/\/vectram.com\/index.php?rest_route=\/wp\/v2\/users\/1"}],"replies":[{"embeddable":true,"href":"https:\/\/vectram.com\/index.php?rest_route=%2Fwp%2Fv2%2Fcomments&post=17"}],"version-history":[{"count":42,"href":"https:\/\/vectram.com\/index.php?rest_route=\/wp\/v2\/pages\/17\/revisions"}],"predecessor-version":[{"id":1713,"href":"https:\/\/vectram.com\/index.php?rest_route=\/wp\/v2\/pages\/17\/revisions\/1713"}],"wp:attachment":[{"href":"https:\/\/vectram.com\/index.php?rest_route=%2Fwp%2Fv2%2Fmedia&parent=17"}],"curies":[{"name":"wp","href":"https:\/\/api.w.org\/{rel}","templated":true}]}}